{"id":3083,"date":"2023-10-28T11:33:15","date_gmt":"2023-10-28T09:33:15","guid":{"rendered":"https:\/\/club-kilt.bzh\/?page_id=3083"},"modified":"2025-03-16T18:07:06","modified_gmt":"2025-03-16T17:07:06","slug":"contact","status":"publish","type":"page","link":"https:\/\/club-kilt.bzh\/?page_id=3083","title":{"rendered":"Nous contacter"},"content":{"rendered":"\t\t<div data-elementor-type=\"wp-page\" data-elementor-id=\"3083\" class=\"elementor elementor-3083\">\n\t\t\t\t<div class=\"elementor-element elementor-element-cd69a7f e-flex e-con-boxed e-con e-parent\" data-id=\"cd69a7f\" data-element_type=\"container\" data-e-type=\"container\">\n\t\t\t\t\t<div class=\"e-con-inner\">\n\t\t\t\t<div class=\"elementor-element elementor-element-68db871 elementor-widget elementor-widget-heading\" data-id=\"68db871\" data-element_type=\"widget\" data-e-type=\"widget\" data-widget_type=\"heading.default\">\n\t\t\t\t<div class=\"elementor-widget-container\">\n\t\t\t\t\t<div class=\"elementor-heading-title elementor-size-large\">Adh\u00e9rer au Club<\/div>\t\t\t\t<\/div>\n\t\t\t\t<\/div>\n\t\t\t\t\t<\/div>\n\t\t\t\t<\/div>\n\t\t<div class=\"elementor-element elementor-element-116473f e-flex e-con-boxed e-con e-parent\" data-id=\"116473f\" data-element_type=\"container\" data-e-type=\"container\">\n\t\t\t\t\t<div class=\"e-con-inner\">\n\t\t\t\t<div class=\"elementor-element elementor-element-23ab3bf elementor-widget__width-initial elementor-widget elementor-widget-image\" data-id=\"23ab3bf\" data-element_type=\"widget\" data-e-type=\"widget\" data-widget_type=\"image.default\">\n\t\t\t\t<div class=\"elementor-widget-container\">\n\t\t\t\t\t\t\t\t\t\t\t\t\t\t\t<img fetchpriority=\"high\" decoding=\"async\" width=\"940\" height=\"788\" src=\"https:\/\/club-kilt.bzh\/wp-content\/uploads\/2025\/03\/CKDPDL-FB.png\" class=\"attachment-large size-large wp-image-4660\" alt=\"\" srcset=\"https:\/\/club-kilt.bzh\/wp-content\/uploads\/2025\/03\/CKDPDL-FB.png 940w, https:\/\/club-kilt.bzh\/wp-content\/uploads\/2025\/03\/CKDPDL-FB-300x251.png 300w\" sizes=\"100vw\" \/>\t\t\t\t\t\t\t\t\t\t\t\t\t\t\t<\/div>\n\t\t\t\t<\/div>\n\t\t<div class=\"elementor-element elementor-element-58f87fb e-con-full e-flex e-con e-child\" data-id=\"58f87fb\" data-element_type=\"container\" data-e-type=\"container\">\n\t\t\t\t<div class=\"elementor-element elementor-element-0f05ef6 elementor-widget__width-initial elementor-widget elementor-widget-text-editor\" data-id=\"0f05ef6\" data-element_type=\"widget\" data-e-type=\"widget\" data-widget_type=\"text-editor.default\">\n\t\t\t\t<div class=\"elementor-widget-container\">\n\t\t\t\t\t\t\t\t\t<p>Vous souhaitez <strong>rejoindre le Club Kilt du Pays de Lorient<\/strong> pour partager avec nous de beaux moments ?\u00a0<\/p><p>T\u00e9l\u00e9charger ci-dessous le bulletin d&rsquo;adh\u00e9sion, ainsi que le formulaire de droit \u00e0 l&rsquo;image. Vous y trouverez \u00e9galement toute la documentation sur le prix de la grande tenue et ce qu&rsquo;elle comprend.\u00a0<\/p><p>Notre bureau reste \u00e0 votre disposition pour tout renseignement.\u00a0<\/p><p>A tr\u00e8s vite !\u00a0<\/p>\t\t\t\t\t\t\t\t<\/div>\n\t\t\t\t<\/div>\n\t\t\t\t<div class=\"elementor-element elementor-element-1f7b2db elementor-align-center elementor-widget elementor-widget-button\" data-id=\"1f7b2db\" data-element_type=\"widget\" data-e-type=\"widget\" data-widget_type=\"button.default\">\n\t\t\t\t<div class=\"elementor-widget-container\">\n\t\t\t\t\t\t\t\t\t<div class=\"elementor-button-wrapper\">\n\t\t\t\t\t<a class=\"elementor-button elementor-button-link elementor-size-sm\" href=\"https:\/\/drive.google.com\/drive\/folders\/1vvWM0vX7TLgUPmpTe9FDBFXA6SoAplUQ?usp=sharing\">\n\t\t\t\t\t\t<span class=\"elementor-button-content-wrapper\">\n\t\t\t\t\t\t\t\t\t<span class=\"elementor-button-text\">T\u00e9l\u00e9charger et adh\u00e9rer<\/span>\n\t\t\t\t\t<\/span>\n\t\t\t\t\t<\/a>\n\t\t\t\t<\/div>\n\t\t\t\t\t\t\t\t<\/div>\n\t\t\t\t<\/div>\n\t\t\t\t<\/div>\n\t\t\t\t\t<\/div>\n\t\t\t\t<\/div>\n\t\t<div class=\"elementor-element elementor-element-8a70a2e e-flex e-con-boxed e-con e-parent\" data-id=\"8a70a2e\" data-element_type=\"container\" data-e-type=\"container\">\n\t\t\t\t\t<div class=\"e-con-inner\">\n\t\t\t\t<div class=\"elementor-element elementor-element-98a8bcb elementor-widget elementor-widget-menu-anchor\" data-id=\"98a8bcb\" data-element_type=\"widget\" data-e-type=\"widget\" data-widget_type=\"menu-anchor.default\">\n\t\t\t\t<div class=\"elementor-widget-container\">\n\t\t\t\t\t\t\t<div class=\"elementor-menu-anchor\" id=\"adherer\"><\/div>\n\t\t\t\t\t\t<\/div>\n\t\t\t\t<\/div>\n\t\t\t\t<div class=\"elementor-element elementor-element-d5323dd elementor-widget elementor-widget-spacer\" data-id=\"d5323dd\" data-element_type=\"widget\" data-e-type=\"widget\" data-widget_type=\"spacer.default\">\n\t\t\t\t<div class=\"elementor-widget-container\">\n\t\t\t\t\t\t\t<div class=\"elementor-spacer\">\n\t\t\t<div class=\"elementor-spacer-inner\"><\/div>\n\t\t<\/div>\n\t\t\t\t\t\t<\/div>\n\t\t\t\t<\/div>\n\t\t\t\t<div class=\"elementor-element elementor-element-0afe2a2 elementor-widget-divider--view-line elementor-widget elementor-widget-divider\" data-id=\"0afe2a2\" data-element_type=\"widget\" data-e-type=\"widget\" data-widget_type=\"divider.default\">\n\t\t\t\t<div class=\"elementor-widget-container\">\n\t\t\t\t\t\t\t<div class=\"elementor-divider\">\n\t\t\t<span class=\"elementor-divider-separator\">\n\t\t\t\t\t\t<\/span>\n\t\t<\/div>\n\t\t\t\t\t\t<\/div>\n\t\t\t\t<\/div>\n\t\t\t\t\t<\/div>\n\t\t\t\t<\/div>\n\t\t\t\t<\/div>\n\t\t","protected":false},"excerpt":{"rendered":"<p>Adh\u00e9rer au Club Vous souhaitez rejoindre le Club Kilt du Pays de Lorient pour partager avec nous de beaux moments ?\u00a0 T\u00e9l\u00e9charger ci-dessous le bulletin d&rsquo;adh\u00e9sion, ainsi que le formulaire de droit \u00e0 l&rsquo;image. Vous y trouverez \u00e9galement toute la documentation sur le prix de la grande tenue et ce qu&rsquo;elle comprend.\u00a0 Notre bureau reste &hellip; <\/p>\n<p class=\"link-more\"><a href=\"https:\/\/club-kilt.bzh\/?page_id=3083\" class=\"more-link\">Lire la suite de<span class=\"screen-reader-text\">\u00ab\u00a0Nous contacter\u00a0\u00bb<\/span><\/a><\/p>\n","protected":false},"author":3,"featured_media":0,"parent":0,"menu_order":0,"comment_status":"closed","ping_status":"closed","template":"page-templates\/full-width-builder-bb.php","meta":{"footnotes":""},"class_list":["post-3083","page","type-page","status-publish","hentry"],"aioseo_notices":[],"_links":{"self":[{"href":"https:\/\/club-kilt.bzh\/index.php?rest_route=\/wp\/v2\/pages\/3083","targetHints":{"allow":["GET"]}}],"collection":[{"href":"https:\/\/club-kilt.bzh\/index.php?rest_route=\/wp\/v2\/pages"}],"about":[{"href":"https:\/\/club-kilt.bzh\/index.php?rest_route=\/wp\/v2\/types\/page"}],"author":[{"embeddable":true,"href":"https:\/\/club-kilt.bzh\/index.php?rest_route=\/wp\/v2\/users\/3"}],"replies":[{"embeddable":true,"href":"https:\/\/club-kilt.bzh\/index.php?rest_route=%2Fwp%2Fv2%2Fcomments&post=3083"}],"version-history":[{"count":47,"href":"https:\/\/club-kilt.bzh\/index.php?rest_route=\/wp\/v2\/pages\/3083\/revisions"}],"predecessor-version":[{"id":4669,"href":"https:\/\/club-kilt.bzh\/index.php?rest_route=\/wp\/v2\/pages\/3083\/revisions\/4669"}],"wp:attachment":[{"href":"https:\/\/club-kilt.bzh\/index.php?rest_route=%2Fwp%2Fv2%2Fmedia&parent=3083"}],"curies":[{"name":"wp","href":"https:\/\/api.w.org\/{rel}","templated":true}]}}